{"id":5959,"date":"2024-07-05T08:22:15","date_gmt":"2024-07-05T08:22:15","guid":{"rendered":"https:\/\/dymercke.cuvicecs.es\/?post_type=product&#038;p=5959"},"modified":"2024-07-05T08:22:15","modified_gmt":"2024-07-05T08:22:15","slug":"miengo-sudadera-capucha-de-paseo","status":"publish","type":"product","link":"https:\/\/dymercke.cuvicecs.es\/en\/product\/miengo-sudadera-capucha-de-paseo\/","title":{"rendered":"Sudadera Capucha de Paseo Miengo"},"content":{"rendered":"<p>100% poli\u00e9ster multifil.<\/p>\n<p>50% poli\u00e9ster aerosilver.<\/p>\n<p>De 150\/155 grs.<\/p>\n<p>Fabricado con hilatura aerosilver (es un poli\u00e9ster multifilamento que da un tacto suave, con estructura de canales, que facilita la evacuaci\u00f3n del sudor, y con iones de plata, que da una caracter\u00edstica de antibacteriano y antiolores).<\/p>","protected":false},"excerpt":{"rendered":"<p>100% poli\u00e9ster multifil. 50% poli\u00e9ster aerosilver. De 150\/155 grs. Fabricado con hilatura aerosilver (es un poli\u00e9ster multifilamento que da un tacto suave, con estructura de canales, que facilita la evacuaci\u00f3n del sudor, y con iones de plata, que da una caracter\u00edstica de antibacteriano y antiolores).<\/p>","protected":false},"featured_media":5866,"template":"","meta":{"inline_featured_image":false},"product_cat":[163,138],"product_tag":[],"class_list":{"0":"post-5959","1":"product","2":"type-product","3":"status-publish","4":"has-post-thumbnail","6":"product_cat-sudadera-capucha-liso","7":"product_cat-sudadera-capucha-sublimada","9":"first","10":"instock","11":"taxable","12":"shipping-taxable","13":"purchasable","14":"product-type-variable"},"_links":{"self":[{"href":"https:\/\/dymercke.cuvicecs.es\/en\/wp-json\/wp\/v2\/product\/5959","targetHints":{"allow":["GET"]}}],"collection":[{"href":"https:\/\/dymercke.cuvicecs.es\/en\/wp-json\/wp\/v2\/product"}],"about":[{"href":"https:\/\/dymercke.cuvicecs.es\/en\/wp-json\/wp\/v2\/types\/product"}],"wp:featuredmedia":[{"embeddable":true,"href":"https:\/\/dymercke.cuvicecs.es\/en\/wp-json\/wp\/v2\/media\/5866"}],"wp:attachment":[{"href":"https:\/\/dymercke.cuvicecs.es\/en\/wp-json\/wp\/v2\/media?parent=5959"}],"wp:term":[{"taxonomy":"product_cat","embeddable":true,"href":"https:\/\/dymercke.cuvicecs.es\/en\/wp-json\/wp\/v2\/product_cat?post=5959"},{"taxonomy":"product_tag","embeddable":true,"href":"https:\/\/dymercke.cuvicecs.es\/en\/wp-json\/wp\/v2\/product_tag?post=5959"}],"curies":[{"name":"wp","href":"https:\/\/api.w.org\/{rel}","templated":true}]}}