{"id":5535,"date":"2024-06-28T08:55:58","date_gmt":"2024-06-28T08:55:58","guid":{"rendered":"https:\/\/dymercke.cuvicecs.es\/?post_type=product&#038;p=5535"},"modified":"2024-06-28T08:55:58","modified_gmt":"2024-06-28T08:55:58","slug":"pontejos-polo-paseo-liso","status":"publish","type":"product","link":"https:\/\/dymercke.cuvicecs.es\/en\/product\/pontejos-polo-paseo-liso\/","title":{"rendered":"Polo Paseo Liso Pontejos"},"content":{"rendered":"<p>Polo t\u00e9cnico de manga corta para hombre en poli\u00e9ster reciclado antibacteriano. Cuello y detalle ribete de mangas en canal 1\u00d71. Cubrecosturas reforzado en cuello. Tapeta con 2 botones autom\u00e1ticos ocultos. Piezas de hombros y detalles a contraste. Aperturas laterales en el bajo.<\/p>\n<p>50% poli\u00e9ster reciclado \/ 50% poli\u00e9ster antibacteriano, 140g\/m<sup>2<\/sup>. Color 0102: 150g\/m<sup>2<\/sup><\/p>\n<p>* Tejido reciclado. * Tejido antibacteriano. * Etiqueta removible. Producto certificado 139218-GRS y antibacterial.<\/p>","protected":false},"excerpt":{"rendered":"<p>Polo t\u00e9cnico de manga corta para hombre en poli\u00e9ster reciclado antibacteriano. Cuello y detalle ribete de mangas en canal 1\u00d71. Cubrecosturas reforzado en cuello. Tapeta con 2 botones autom\u00e1ticos ocultos. Piezas de hombros y detalles a contraste. Aperturas laterales en el bajo. 50% poli\u00e9ster reciclado \/ 50% poli\u00e9ster antibacteriano, 140g\/m2. Color 0102: 150g\/m2 * Tejido [&#8230;]","protected":false},"featured_media":5426,"template":"","meta":{"inline_featured_image":false},"product_cat":[126],"product_tag":[],"class_list":{"0":"post-5535","1":"product","2":"type-product","3":"status-publish","4":"has-post-thumbnail","6":"product_cat-polo-combi","8":"first","9":"instock","10":"taxable","11":"shipping-taxable","12":"purchasable","13":"product-type-variable"},"_links":{"self":[{"href":"https:\/\/dymercke.cuvicecs.es\/en\/wp-json\/wp\/v2\/product\/5535","targetHints":{"allow":["GET"]}}],"collection":[{"href":"https:\/\/dymercke.cuvicecs.es\/en\/wp-json\/wp\/v2\/product"}],"about":[{"href":"https:\/\/dymercke.cuvicecs.es\/en\/wp-json\/wp\/v2\/types\/product"}],"wp:featuredmedia":[{"embeddable":true,"href":"https:\/\/dymercke.cuvicecs.es\/en\/wp-json\/wp\/v2\/media\/5426"}],"wp:attachment":[{"href":"https:\/\/dymercke.cuvicecs.es\/en\/wp-json\/wp\/v2\/media?parent=5535"}],"wp:term":[{"taxonomy":"product_cat","embeddable":true,"href":"https:\/\/dymercke.cuvicecs.es\/en\/wp-json\/wp\/v2\/product_cat?post=5535"},{"taxonomy":"product_tag","embeddable":true,"href":"https:\/\/dymercke.cuvicecs.es\/en\/wp-json\/wp\/v2\/product_tag?post=5535"}],"curies":[{"name":"wp","href":"https:\/\/api.w.org\/{rel}","templated":true}]}}