{"id":2710,"date":"2024-04-22T10:47:04","date_gmt":"2024-04-22T10:47:04","guid":{"rendered":"https:\/\/dymercke.cuvicecs.es\/?post_type=product&#038;p=2710"},"modified":"2024-05-21T08:33:14","modified_gmt":"2024-05-21T08:33:14","slug":"buelna-sudadera-capucha-lisa","status":"publish","type":"product","link":"https:\/\/dymercke.cuvicecs.es\/en\/product\/buelna-sudadera-capucha-lisa\/","title":{"rendered":"Sudadera capucha lisa &#8211; S.D. Buelna"},"content":{"rendered":"<p>Sudadera lisa con capucha.<\/p>","protected":false},"excerpt":{"rendered":"<p style=\"text-align: justify;\">Sudadera capucha con bolsillo canguro y cord\u00f3n plano ajustable. Pu\u00f1os y cinturilla con punto canal\u00e9 1&#215;1 con elastano. Modelo de ni\u00f1o sin cord\u00f3n.<\/p>\n<p style=\"text-align: justify;\">50% algod\u00f3n \/ 50% poliester, felpa perchada, 280g\/m<sup>2<\/sup>. Color gris vigor\u00e9 58: 55% algod\u00f3n \/ 40% poli\u00e9ster \/ 5% viscosa.<\/p>\n<p style=\"text-align: justify;\">*\u00a0 Etiqueta removible. * Talla ni\u00f1o. * Sudadera de ni\u00f1o sin cordones. * Recuerde las limitaciones de este tipo de tejido y la necesidad de proteger de migraciones la tinta adel dibujo al hacer marcados y estampaciones sobre el mismo.<\/p>","protected":false},"featured_media":0,"template":"","meta":{"inline_featured_image":false},"product_cat":[145,163],"product_tag":[],"class_list":{"0":"post-2710","1":"product","2":"type-product","3":"status-publish","5":"product_cat-s-d-buelna","6":"product_cat-sudadera-capucha-liso","8":"first","9":"instock","10":"taxable","11":"shipping-taxable","12":"purchasable","13":"product-type-variable"},"_links":{"self":[{"href":"https:\/\/dymercke.cuvicecs.es\/en\/wp-json\/wp\/v2\/product\/2710","targetHints":{"allow":["GET"]}}],"collection":[{"href":"https:\/\/dymercke.cuvicecs.es\/en\/wp-json\/wp\/v2\/product"}],"about":[{"href":"https:\/\/dymercke.cuvicecs.es\/en\/wp-json\/wp\/v2\/types\/product"}],"wp:attachment":[{"href":"https:\/\/dymercke.cuvicecs.es\/en\/wp-json\/wp\/v2\/media?parent=2710"}],"wp:term":[{"taxonomy":"product_cat","embeddable":true,"href":"https:\/\/dymercke.cuvicecs.es\/en\/wp-json\/wp\/v2\/product_cat?post=2710"},{"taxonomy":"product_tag","embeddable":true,"href":"https:\/\/dymercke.cuvicecs.es\/en\/wp-json\/wp\/v2\/product_tag?post=2710"}],"curies":[{"name":"wp","href":"https:\/\/api.w.org\/{rel}","templated":true}]}}