{"id":2520,"date":"2024-04-22T06:14:04","date_gmt":"2024-04-22T06:14:04","guid":{"rendered":"https:\/\/dymercke.cuvicecs.es\/?post_type=product&#038;p=2520"},"modified":"2024-05-21T08:22:37","modified_gmt":"2024-05-21T08:22:37","slug":"fortuna-camargo-sudadera-cuello-redondo-liso","status":"publish","type":"product","link":"https:\/\/dymercke.cuvicecs.es\/en\/product\/fortuna-camargo-sudadera-cuello-redondo-liso\/","title":{"rendered":"Sudadera Cuello Redondo Liso &#8211; Fortuna Camargo C.F."},"content":{"rendered":"<p>Sudadera lisa de cuello redondo.<\/p>","protected":false},"excerpt":{"rendered":"<p>100% poli\u00e9ster multifil.<\/p>\n<p>50% poli\u00e9ster aerosilver.<\/p>\n<p>De 150\/155 grs.<\/p>\n<p>Fabricado con hilatura aerosilver (es un poli\u00e9ster multifilamento que da un tacto suave, con estructura de canales, que facilita la evacuaci\u00f3n del sudor, y con iones de plata, que da una caracter\u00edstica de antibacteriano y antiolores).<\/p>","protected":false},"featured_media":0,"template":"","meta":{"inline_featured_image":false},"product_cat":[149,162],"product_tag":[],"class_list":{"0":"post-2520","1":"product","2":"type-product","3":"status-publish","5":"product_cat-fortuna-camargo-c-f","6":"product_cat-sudadera-cuello-redondo-liso","8":"first","9":"instock","10":"taxable","11":"shipping-taxable","12":"purchasable","13":"product-type-variable"},"_links":{"self":[{"href":"https:\/\/dymercke.cuvicecs.es\/en\/wp-json\/wp\/v2\/product\/2520","targetHints":{"allow":["GET"]}}],"collection":[{"href":"https:\/\/dymercke.cuvicecs.es\/en\/wp-json\/wp\/v2\/product"}],"about":[{"href":"https:\/\/dymercke.cuvicecs.es\/en\/wp-json\/wp\/v2\/types\/product"}],"wp:attachment":[{"href":"https:\/\/dymercke.cuvicecs.es\/en\/wp-json\/wp\/v2\/media?parent=2520"}],"wp:term":[{"taxonomy":"product_cat","embeddable":true,"href":"https:\/\/dymercke.cuvicecs.es\/en\/wp-json\/wp\/v2\/product_cat?post=2520"},{"taxonomy":"product_tag","embeddable":true,"href":"https:\/\/dymercke.cuvicecs.es\/en\/wp-json\/wp\/v2\/product_tag?post=2520"}],"curies":[{"name":"wp","href":"https:\/\/api.w.org\/{rel}","templated":true}]}}