{"id":1911,"date":"2024-04-10T13:45:50","date_gmt":"2024-04-10T13:45:50","guid":{"rendered":"https:\/\/dymercke.cuvicecs.es\/?post_type=product&#038;p=1911"},"modified":"2024-05-17T11:00:27","modified_gmt":"2024-05-17T11:00:27","slug":"boecillo-polo-paseo-sublimado","status":"publish","type":"product","link":"https:\/\/dymercke.cuvicecs.es\/en\/product\/boecillo-polo-paseo-sublimado\/","title":{"rendered":"Polo Paseo Sublimado \u2013 C.D. Boecillo"},"content":{"rendered":"<p>Polo de paseo sublimado.<\/p>","protected":false},"excerpt":{"rendered":"<p style=\"text-align: justify;\">50% poli\u00e9ster multifil.<\/p>\n<p>50% poli\u00e9ster aerosilver.<\/p>\n<p>De 150\/155 grs.<\/p>\n<p>Fabricado con hilatura aerosilver (es un poli\u00e9ster multifilamento que da un tacto suave, con estructura de canales, que facilita la evacuaci\u00f3n del sudor, y con iones de plata, que da una caracter\u00edstica de antibacteriano y antiolores).<\/p>","protected":false},"featured_media":0,"template":"","meta":{"inline_featured_image":false},"product_cat":[146,134],"product_tag":[],"class_list":{"0":"post-1911","1":"product","2":"type-product","3":"status-publish","5":"product_cat-c-d-boecillo","6":"product_cat-polo-paseo-sublimado","8":"first","9":"instock","10":"taxable","11":"shipping-taxable","12":"purchasable","13":"product-type-variable"},"_links":{"self":[{"href":"https:\/\/dymercke.cuvicecs.es\/en\/wp-json\/wp\/v2\/product\/1911","targetHints":{"allow":["GET"]}}],"collection":[{"href":"https:\/\/dymercke.cuvicecs.es\/en\/wp-json\/wp\/v2\/product"}],"about":[{"href":"https:\/\/dymercke.cuvicecs.es\/en\/wp-json\/wp\/v2\/types\/product"}],"wp:attachment":[{"href":"https:\/\/dymercke.cuvicecs.es\/en\/wp-json\/wp\/v2\/media?parent=1911"}],"wp:term":[{"taxonomy":"product_cat","embeddable":true,"href":"https:\/\/dymercke.cuvicecs.es\/en\/wp-json\/wp\/v2\/product_cat?post=1911"},{"taxonomy":"product_tag","embeddable":true,"href":"https:\/\/dymercke.cuvicecs.es\/en\/wp-json\/wp\/v2\/product_tag?post=1911"}],"curies":[{"name":"wp","href":"https:\/\/api.w.org\/{rel}","templated":true}]}}